{"id":105,"date":"2022-10-13T12:53:09","date_gmt":"2022-10-13T12:53:09","guid":{"rendered":"https:\/\/www.bautenservice-reich.de\/?page_id=105"},"modified":"2024-06-03T13:15:58","modified_gmt":"2024-06-03T13:15:58","slug":"referenzen-beschichtung","status":"publish","type":"page","link":"https:\/\/www.bautenservice-reich.de\/?page_id=105","title":{"rendered":"Referenzen &#8211; Beschichtung"},"content":{"rendered":"\n  \n    \n    <section class=\"u-align-center u-clearfix u-palette-3-base u-section-2\" id=\"sec-9519\">\n      <img decoding=\"async\" src=\"https:\/\/www.bautenservice-reich.de\/wp-content\/uploads\/2022\/10\/AdobeStock_41477098.jpg\" class=\"u-align-left u-expanded-width u-image u-left-0 u-image-1\">\n      <div class=\"u-clearfix u-gutter-72 u-layout-wrap u-layout-wrap-1\">\n        <div class=\"u-gutter-0 u-layout\">\n          <div class=\"u-layout-row\">\n            <div class=\"u-size-22\">\n              <div class=\"u-layout-col\">\n                <div class=\"u-container-style u-layout-cell u-left-cell u-size-60 u-layout-cell-1\" data-animation-name=\"slideIn\" data-animation-duration=\"1000\" data-animation-delay=\"0\" data-animation-direction=\"Up\">\n                  <div class=\"u-container-layout u-valign-top u-container-layout-1\"><\/div>\n                <\/div>\n              <\/div>\n            <\/div>\n            <div class=\"u-size-38\">\n              <div class=\"u-layout-col\">\n                <div class=\"u-container-style u-layout-cell u-right-cell u-size-60 u-layout-cell-2\">\n                  <div class=\"u-container-layout u-container-layout-2\">\n                    <h1 class=\"u-align-center u-text u-text-white u-text-1\">Fassade und Dach-beschichtung<\/h1>\n                    <p class=\"u-align-center u-text u-text-white u-text-2\">Referenzen unserer durchgef\u00fchrten T\u00e4tigkeiten<\/p>\n                  <\/div>\n                <\/div>\n              <\/div>\n            <\/div>\n          <\/div>\n        <\/div>\n      <\/div>\n    <\/section>\n    <section class=\"u-align-left u-clearfix u-white u-section-3\" id=\"carousel_cf2c\">\n      <div class=\"u-clearfix u-sheet u-sheet-1\">\n        <h2 class=\"u-text u-text-1\">My Last works<br>\n        <\/h2><span class=\"u-icon u-icon-circle u-text-palette-1-base u-icon-1\"><svg class=\"u-svg-link\" preserveAspectRatio=\"xMidYMin slice\" viewBox=\"0 0 451.847 451.847\" style=\"undefined\"><use xmlns:xlink=\"http:\/\/www.w3.org\/1999\/xlink\" xlink:href=\"#svg-1daa\"><\/use><\/svg><svg class=\"u-svg-content\" viewBox=\"0 0 451.847 451.847\" x=\"0px\" y=\"0px\" id=\"svg-1daa\" style=\"enable-background:new 0 0 451.847 451.847;\"><g><path d=\"M225.923,354.706c-8.098,0-16.195-3.092-22.369-9.263L9.27,151.157c-12.359-12.359-12.359-32.397,0-44.751   c12.354-12.354,32.388-12.354,44.748,0l171.905,171.915l171.906-171.909c12.359-12.354,32.391-12.354,44.744,0   c12.365,12.354,12.365,32.392,0,44.751L248.292,345.449C242.115,351.621,234.018,354.706,225.923,354.706z\"><\/path>\n<\/g><\/svg><\/span>\n      <\/div>\n    <\/section>\n    <section class=\"u-align-center u-clearfix u-section-4\" id=\"sec-8a31\">\n      <div class=\"u-clearfix u-sheet u-sheet-1\">\n        <div class=\"u-expanded-width u-gallery u-layout-grid u-lightbox u-show-text-on-hover u-gallery-1\">\n          <div class=\"u-gallery-inner u-gallery-inner-1\">\n            <div class=\"u-effect-fade u-gallery-item\">\n              <div class=\"u-back-slide u-back-slide-1\" data-image-width=\"720\" data-image-height=\"960\">\n                <img decoding=\"async\" class=\"u-back-image u-expanded u-back-image-1\" src=\"https:\/\/www.bautenservice-reich.de\/wp-content\/uploads\/2022\/10\/Dachunterstand-01.jpg\">\n              <\/div>\n              <div class=\"u-over-slide u-shading u-over-slide-1\"><\/div>\n            <\/div>\n            <div class=\"u-effect-fade u-gallery-item\">\n              <div class=\"u-back-slide u-back-slide-2\" data-image-width=\"720\" data-image-height=\"960\">\n                <img decoding=\"async\" class=\"u-back-image u-expanded u-back-image-2\" src=\"https:\/\/www.bautenservice-reich.de\/wp-content\/uploads\/2022\/10\/Dachunterstand-02.jpg\">\n              <\/div>\n              <div class=\"u-over-slide u-shading u-over-slide-2\"><\/div>\n            <\/div>\n            <div class=\"u-effect-fade u-gallery-item\">\n              <div class=\"u-back-slide u-back-slide-3\" data-image-width=\"261\" data-image-height=\"348\">\n                <img decoding=\"async\" class=\"u-back-image u-expanded u-back-image-3\" src=\"https:\/\/www.bautenservice-reich.de\/wp-content\/uploads\/2022\/10\/Fassade-01.jpg\">\n              <\/div>\n              <div class=\"u-over-slide u-shading u-over-slide-3\"><\/div>\n            <\/div>\n            <div class=\"u-effect-fade u-gallery-item u-gallery-item-4\" data-image-width=\"1000\" data-image-height=\"1500\">\n              <div class=\"u-back-slide u-back-slide-4\" data-image-width=\"720\" data-image-height=\"960\">\n                <img decoding=\"async\" class=\"u-back-image u-expanded u-back-image-4\" src=\"https:\/\/www.bautenservice-reich.de\/wp-content\/uploads\/2022\/10\/Fassade-03.jpg\">\n              <\/div>\n              <div class=\"u-over-slide u-shading u-over-slide-4\"><\/div>\n            <\/div>\n            <div class=\"u-effect-fade u-gallery-item u-gallery-item-5\" data-image-width=\"1000\" data-image-height=\"1500\">\n              <div class=\"u-back-slide u-back-slide-5\" data-image-width=\"720\" data-image-height=\"960\">\n                <img decoding=\"async\" class=\"u-back-image u-expanded u-back-image-5\" src=\"https:\/\/www.bautenservice-reich.de\/wp-content\/uploads\/2022\/10\/Fassade-05.jpg\">\n              <\/div>\n              <div class=\"u-over-slide u-shading u-over-slide-5\"><\/div>\n            <\/div>\n            <div class=\"u-effect-fade u-gallery-item u-gallery-item-6\" data-image-width=\"999\" data-image-height=\"1500\">\n              <div class=\"u-back-slide u-back-slide-6\" data-image-width=\"403\" data-image-height=\"537\">\n                <img decoding=\"async\" class=\"u-back-image u-expanded u-back-image-6\" src=\"https:\/\/www.bautenservice-reich.de\/wp-content\/uploads\/2022\/10\/Fassade-09.jpg\">\n              <\/div>\n              <div class=\"u-over-slide u-shading u-over-slide-6\"><\/div>\n            <\/div>\n          <\/div>\n        <\/div>\n      <\/div>\n    <\/section>\n    <section class=\"u-align-center u-clearfix u-grey-5 u-valign-bottom-lg u-valign-bottom-md u-valign-bottom-sm u-valign-bottom-xs u-section-5\" id=\"sec-e6ef\">\n      <div class=\"u-clearfix u-sheet u-sheet-1\">\n        <h3 class=\"u-text u-text-1\">Gerne K\u00f6nnen Sie mit uns Kontakt aufnehmen<\/h3>\n        <div class=\"u-border-7 u-border-palette-1-base u-line u-line-horizontal u-line-1\"><\/div>\n        <a href=\"https:\/\/www.bautenservice-reich.de\/?page_id=107#sec-b0dc\" class=\"u-border-2 u-border-black u-btn u-button-style u-hover-black u-none u-text-hover-white u-btn-1\">Zu unserem Kontaktformular <\/a>\n      <\/div>\n    <\/section>\n    \n    \n    \n  \n","protected":false},"excerpt":{"rendered":"<p>Fassade und Dach-beschichtung Referenzen unserer durchgef\u00fchrten T\u00e4tigkeiten My Last works Gerne K\u00f6nnen Sie mit uns Kontakt aufnehmen Zu unserem Kontaktformular<\/p>\n","protected":false},"author":1,"featured_media":0,"parent":0,"menu_order":3,"comment_status":"closed","ping_status":"closed","template":"","meta":{"footnotes":""},"_links":{"self":[{"href":"https:\/\/www.bautenservice-reich.de\/index.php?rest_route=\/wp\/v2\/pages\/105"}],"collection":[{"href":"https:\/\/www.bautenservice-reich.de\/index.php?rest_route=\/wp\/v2\/pages"}],"about":[{"href":"https:\/\/www.bautenservice-reich.de\/index.php?rest_route=\/wp\/v2\/types\/page"}],"author":[{"embeddable":true,"href":"https:\/\/www.bautenservice-reich.de\/index.php?rest_route=\/wp\/v2\/users\/1"}],"replies":[{"embeddable":true,"href":"https:\/\/www.bautenservice-reich.de\/index.php?rest_route=%2Fwp%2Fv2%2Fcomments&post=105"}],"version-history":[{"count":3,"href":"https:\/\/www.bautenservice-reich.de\/index.php?rest_route=\/wp\/v2\/pages\/105\/revisions"}],"predecessor-version":[{"id":264,"href":"https:\/\/www.bautenservice-reich.de\/index.php?rest_route=\/wp\/v2\/pages\/105\/revisions\/264"}],"wp:attachment":[{"href":"https:\/\/www.bautenservice-reich.de\/index.php?rest_route=%2Fwp%2Fv2%2Fmedia&parent=105"}],"curies":[{"name":"wp","href":"https:\/\/api.w.org\/{rel}","templated":true}]}}