{"id":111,"date":"2022-10-13T12:53:15","date_gmt":"2022-10-13T12:53:15","guid":{"rendered":"https:\/\/www.bautenservice-reich.de\/?page_id=111"},"modified":"2024-06-04T11:29:28","modified_gmt":"2024-06-04T11:29:28","slug":"ausstellung","status":"publish","type":"page","link":"https:\/\/www.bautenservice-reich.de\/?page_id=111","title":{"rendered":"Ausstellung"},"content":{"rendered":"\n  \n    \n    <section class=\"u-align-center u-clearfix u-palette-3-base u-valign-middle-xs u-section-2\" id=\"sec-9519\">\n      <img class=\"u-align-left u-expanded-width u-image u-left-0 lazyload u-image-1\" data-src=\"https:\/\/www.bautenservice-reich.de\/wp-content\/uploads\/2022\/10\/IMG_0726.jpg\">\n      <div class=\"u-clearfix u-gutter-72 u-layout-wrap u-layout-wrap-1\">\n        <div class=\"u-gutter-0 u-layout\">\n          <div class=\"u-layout-row\">\n            <div class=\"u-size-22\">\n              <div class=\"u-layout-col\">\n                <div class=\"u-container-style u-layout-cell u-left-cell u-size-60 u-layout-cell-1\" data-animation-name=\"slideIn\" data-animation-duration=\"1000\" data-animation-delay=\"0\" data-animation-direction=\"Up\">\n                  <div class=\"u-container-layout u-valign-top u-container-layout-1\"><\/div>\n                <\/div>\n              <\/div>\n            <\/div>\n            <div class=\"u-size-38\">\n              <div class=\"u-layout-col\">\n                <div class=\"u-container-style u-layout-cell u-right-cell u-size-60 u-layout-cell-2\">\n                  <div class=\"u-container-layout u-container-layout-2\">\n                    <h1 class=\"u-align-center u-text u-text-white u-text-1\">Unsere Ausstellung<\/h1>\n                  <\/div>\n                <\/div>\n              <\/div>\n            <\/div>\n          <\/div>\n        <\/div>\n      <\/div>\n    <\/section>\n    <section class=\"u-align-left u-clearfix u-palette-1-base u-section-3\" id=\"sec-72ee\">\n      <div class=\"u-clearfix u-sheet u-sheet-1\"><\/div>\n    <\/section>\n    <section class=\"u-clearfix u-section-4\" id=\"sec-be47\">\n      <div class=\"u-clearfix u-sheet u-valign-middle u-sheet-1\">\n        <div class=\"u-clearfix u-expanded-width u-layout-wrap u-layout-wrap-1\">\n          <div class=\"u-gutter-0 u-layout\">\n            <div class=\"u-layout-row\">\n              <div class=\"u-size-26 u-size-60-md\">\n                <div class=\"u-layout-col\">\n                  <div class=\"u-align-left-lg u-align-left-xl u-container-style u-layout-cell u-left-cell u-size-60 u-layout-cell-1\">\n                    <div class=\"u-container-layout u-valign-top-lg u-valign-top-md u-valign-top-sm u-container-layout-1\">\n                      <h4 class=\"u-align-center-md u-align-center-sm u-align-center-xs u-custom-font u-text u-text-font u-text-1\" data-animation-name=\"slideIn\" data-animation-duration=\"1000\" data-animation-delay=\"0\" data-animation-direction=\"Up\">Besuchen Sie noch heute unsere Ausstellung, und lassen sich inspirieren f\u00fcr ihr Eigenheim<\/h4>\n                      <p class=\"u-align-center-md u-align-center-sm u-align-center-xs u-text u-text-2\" data-animation-name=\"slideIn\" data-animation-duration=\"1000\" data-animation-delay=\"0\" data-animation-direction=\"Up\">Bautenservice Reich ist Ihr Fachbetrieb f\u00fcr:<\/p>\n                      <ul class=\"u-align-left-md u-align-left-sm u-align-left-xs u-text u-text-3\" data-animation-name=\"slideIn\" data-animation-duration=\"1000\" data-animation-delay=\"0\" data-animation-direction=\"Up\">\n                        <li> Decke <\/li>\n                        <li> Stuck <\/li>\n                        <li> Fussboden <\/li>\n                        <li> Fassade <\/li>\n                        <li> Wandbekleidung <\/li>\n                      <\/ul>\n                    <\/div>\n                  <\/div>\n                <\/div>\n              <\/div>\n              <div class=\"u-size-34 u-size-60-md\">\n                <div class=\"u-layout-col\">\n                  <div class=\"u-size-30\">\n                    <div class=\"u-layout-row\">\n                      <div class=\"u-container-style u-layout-cell u-palette-2-base u-radius-10 u-size-30 u-layout-cell-2\" data-animation-name=\"fadeIn\" data-animation-duration=\"1000\" data-animation-delay=\"0\">\n                        <div class=\"u-container-layout u-valign-bottom u-container-layout-2\"><span class=\"u-border-3 u-border-white u-icon u-icon-circle u-spacing-20 u-text-white u-icon-1\"><svg class=\"u-svg-link\" preserveAspectRatio=\"xMidYMin slice\" viewBox=\"0 0 512 512\" style=\"\"><use xlink:href=\"#svg-00b4\"><\/use><\/svg><svg class=\"u-svg-content\" viewBox=\"0 0 512 512\" x=\"0px\" y=\"0px\" id=\"svg-00b4\" style=\"enable-background:new 0 0 512 512;\"><g><g><path d=\"M256,0C156.748,0,76,80.748,76,180c0,33.534,9.289,66.26,26.869,94.652l142.885,230.257    c2.737,4.411,7.559,7.091,12.745,7.091c0.04,0,0.079,0,0.119,0c5.231-0.041,10.063-2.804,12.75-7.292L410.611,272.22    C427.221,244.428,436,212.539,436,180C436,80.748,355.252,0,256,0z M384.866,256.818L258.272,468.186l-129.905-209.34    C113.734,235.214,105.8,207.95,105.8,180c0-82.71,67.49-150.2,150.2-150.2S406.1,97.29,406.1,180    C406.1,207.121,398.689,233.688,384.866,256.818z\"><\/path>\n<\/g>\n<\/g><g><g><path d=\"M256,90c-49.626,0-90,40.374-90,90c0,49.309,39.717,90,90,90c50.903,0,90-41.233,90-90C346,130.374,305.626,90,256,90z     M256,240.2c-33.257,0-60.2-27.033-60.2-60.2c0-33.084,27.116-60.2,60.2-60.2s60.1,27.116,60.1,60.2    C316.1,212.683,289.784,240.2,256,240.2z\"><\/path>\n<\/g>\n<\/g><\/svg><\/span>\n                          <h5 class=\"u-align-center u-text u-text-white u-text-4\">AddressE<\/h5>\n                          <p class=\"u-align-center u-text u-text-5\">Von-Stauffenberg-Str. 1<br>49751 S\u00f6gel \n                          <\/p>\n                        <\/div>\n                      <\/div>\n                      <div class=\"u-container-style u-custom-color-1 u-layout-cell u-radius-10 u-right-cell u-size-30 u-layout-cell-3\" data-animation-name=\"fadeIn\" data-animation-duration=\"1000\" data-animation-delay=\"0\">\n                        <div class=\"u-container-layout u-container-layout-3\"><span class=\"u-border-3 u-border-white u-icon u-icon-circle u-spacing-20 u-text-white u-icon-2\"><svg class=\"u-svg-link\" preserveAspectRatio=\"xMidYMin slice\" viewBox=\"0 0 384 384\" style=\"\"><use xlink:href=\"#svg-f942\"><\/use><\/svg><svg class=\"u-svg-content\" viewBox=\"0 0 384 384\" x=\"0px\" y=\"0px\" id=\"svg-f942\" style=\"enable-background:new 0 0 384 384;\"><g><g><path d=\"M353.188,252.052c-23.51,0-46.594-3.677-68.469-10.906c-10.906-3.719-23.323-0.833-30.438,6.417l-43.177,32.594    c-50.073-26.729-80.917-57.563-107.281-107.26l31.635-42.052c8.219-8.208,11.167-20.198,7.635-31.448    c-7.26-21.99-10.948-45.063-10.948-68.583C132.146,13.823,118.323,0,101.333,0H30.812C13.823,0,0,13.823,0,30.812    C0,225.563,158.438,384,353.188,384c16.99,0,30.813-13.823,30.813-30.813v-70.323C384,265.875,370.177,252.052,353.188,252.052z     M362.667,353.188c0,5.229-4.25,9.479-9.479,9.479c-182.99,0-331.854-148.865-331.854-331.854c0-5.229,4.25-9.479,9.479-9.479    h70.521c5.229,0,9.479,4.25,9.479,9.479c0,25.802,4.052,51.125,11.979,75.115c1.104,3.542,0.208,7.208-3.375,10.938L82.75,165.427    c-2.458,3.26-2.844,7.625-1,11.26c29.927,58.823,66.292,95.188,125.531,125.542c3.604,1.885,8.021,1.49,11.292-0.979    l49.677-37.635c2.51-2.51,6.271-3.406,9.667-2.25c24.156,7.979,49.479,12.021,75.271,12.021c5.229,0,9.479,4.25,9.479,9.479    V353.188z\"><\/path>\n<\/g>\n<\/g><\/svg><\/span>\n                          <h5 class=\"u-align-center u-text u-text-white u-text-6\">Telefon<\/h5>\n                          <p class=\"u-align-center u-text u-text-7\">05952 38 60<\/p>\n                        <\/div>\n                      <\/div>\n                    <\/div>\n                  <\/div>\n                  <div class=\"u-size-30\">\n                    <div class=\"u-layout-row\">\n                      <div class=\"u-container-style u-layout-cell u-palette-3-base u-radius-10 u-size-30 u-layout-cell-4\" data-animation-name=\"fadeIn\" data-animation-duration=\"1000\" data-animation-delay=\"0\">\n                        <div class=\"u-container-layout u-valign-top u-container-layout-4\"><span class=\"u-border-3 u-border-white u-icon u-icon-circle u-spacing-20 u-text-white u-icon-3\"><svg class=\"u-svg-link\" preserveAspectRatio=\"xMidYMin slice\" viewBox=\"0 0 479.058 479.058\" style=\"\"><use xlink:href=\"#svg-3f1f\"><\/use><\/svg><svg class=\"u-svg-content\" viewBox=\"0 0 479.058 479.058\" id=\"svg-3f1f\"><path d=\"m434.146 59.882h-389.234c-24.766 0-44.912 20.146-44.912 44.912v269.47c0 24.766 20.146 44.912 44.912 44.912h389.234c24.766 0 44.912-20.146 44.912-44.912v-269.47c0-24.766-20.146-44.912-44.912-44.912zm0 29.941c2.034 0 3.969.422 5.738 1.159l-200.355 173.649-200.356-173.649c1.769-.736 3.704-1.159 5.738-1.159zm0 299.411h-389.234c-8.26 0-14.971-6.71-14.971-14.971v-251.648l199.778 173.141c2.822 2.441 6.316 3.655 9.81 3.655s6.988-1.213 9.81-3.655l199.778-173.141v251.649c-.001 8.26-6.711 14.97-14.971 14.97z\"><\/path><\/svg><\/span>\n                          <h5 class=\"u-align-center u-text u-text-white u-text-8\">Email:<\/h5>\n                          <a href=\"#\" class=\"u-border-active-none u-border-hover-none u-btn u-btn-rectangle u-button-style u-none u-text-body-alt-color u-text-hover-palette-2-base u-btn-1\">info@bautenservice-reich.de<\/a>\n                        <\/div>\n                      <\/div>\n                      <div class=\"u-container-style u-layout-cell u-palette-1-base u-radius-10 u-right-cell u-size-30 u-layout-cell-5\" data-animation-name=\"fadeIn\" data-animation-duration=\"1000\" data-animation-delay=\"0\">\n                        <div class=\"u-container-layout u-valign-top u-container-layout-5\"><span class=\"u-border-3 u-border-white u-icon u-icon-circle u-spacing-20 u-text-white u-icon-4\"><svg class=\"u-svg-link\" preserveAspectRatio=\"xMidYMin slice\" viewBox=\"0 0 128 128\" style=\"\"><use xlink:href=\"#svg-301e\"><\/use><\/svg><svg class=\"u-svg-content\" viewBox=\"0 0 128 128\" id=\"svg-301e\"><g><path d=\"M126.25,41.682H116.166A56.464,56.464,0,0,0,69.75,7.545a41.575,41.575,0,0,0-11.5,0A56.462,56.462,0,0,0,11.835,41.682H1.75A1.75,1.75,0,0,0,0,43.432V84.568a1.75,1.75,0,0,0,1.75,1.75H11.835a56.463,56.463,0,0,0,46.413,34.136,40.713,40.713,0,0,0,11.5,0,56.461,56.461,0,0,0,46.414-34.136H126.25a1.749,1.749,0,0,0,1.75-1.75V43.432A1.749,1.749,0,0,0,126.25,41.682Zm-17.833-7.069H89.112a93.117,93.117,0,0,0-6.157-20.408A52.908,52.908,0,0,1,108.417,34.613ZM69.284,11.7c3.593,4.552,6.873,12.862,9.034,22.916H69.284ZM45.045,14.205a93.134,93.134,0,0,0-6.157,20.408h-19.3A52.9,52.9,0,0,1,45.045,14.205ZM17.462,38.113H40.341a1.75,1.75,0,0,0,1.722-1.438c1.745-9.637,4.376-17.895,7.611-23.979,1.586-.439,3.2-.812,4.833-1.105-3.6,5.563-6.684,14.156-8.688,24.437a1.75,1.75,0,0,0,1.718,2.085H60.466a1.75,1.75,0,0,0,1.75-1.75V10.782c.593-.019,1.187-.032,1.784-.032s1.191.013,1.784.032V36.363a1.749,1.749,0,0,0,1.75,1.75H80.463a1.75,1.75,0,0,0,1.718-2.085c-2-10.281-5.085-18.874-8.687-24.437,1.635.293,3.246.666,4.832,1.105,3.235,6.084,5.866,14.342,7.611,23.979a1.749,1.749,0,0,0,1.722,1.438h22.879q.965,1.742,1.81,3.569H15.653Q16.495,39.854,17.462,38.113ZM58.716,11.7V34.613H49.682C51.842,24.56,55.123,16.25,58.716,11.7ZM19.583,93.387H38.888A93.134,93.134,0,0,0,45.045,113.8,52.9,52.9,0,0,1,19.583,93.387ZM58.716,116.3c-3.593-4.552-6.874-12.862-9.034-22.915h9.034ZM82.955,113.8a93.117,93.117,0,0,0,6.157-20.408h19.305A52.908,52.908,0,0,1,82.955,113.8Zm27.583-23.908H87.659a1.749,1.749,0,0,0-1.722,1.438c-1.745,9.637-4.376,17.895-7.611,23.979-1.586.439-3.2.812-4.832,1.105,3.6-5.563,6.683-14.156,8.687-24.437a1.75,1.75,0,0,0-1.718-2.085H67.534a1.749,1.749,0,0,0-1.75,1.75v25.581c-.593.019-1.187.032-1.784.032s-1.191-.013-1.784-.032V91.637a1.75,1.75,0,0,0-1.75-1.75H47.537a1.75,1.75,0,0,0-1.718,2.085c2,10.281,5.085,18.874,8.688,24.437-1.636-.293-3.247-.666-4.833-1.105-3.235-6.084-5.866-14.342-7.611-23.979a1.75,1.75,0,0,0-1.722-1.438H17.462q-.965-1.742-1.809-3.569h96.7Q111.505,88.147,110.538,89.887ZM69.284,116.3V93.387h9.034C76.157,103.441,72.877,111.751,69.284,116.3ZM124.5,82.818H3.5V45.182h121Z\"><\/path><path d=\"M78.092,50.784a1.752,1.752,0,0,0-2.061,1.371l-3.9,19.407-6.785-8.179a1.807,1.807,0,0,0-2.694,0l-6.784,8.179-3.9-19.407a1.75,1.75,0,1,0-3.431.69l4.621,23a1.75,1.75,0,0,0,3.063.772L64,67.241l7.778,9.376a1.751,1.751,0,0,0,1.347.633,1.785,1.785,0,0,0,.428-.053,1.751,1.751,0,0,0,1.288-1.352l4.622-23A1.751,1.751,0,0,0,78.092,50.784Z\"><\/path><path d=\"M113.725,52.155l-3.9,19.407-6.785-8.179a1.806,1.806,0,0,0-2.693,0l-6.785,8.179-3.9-19.407a1.75,1.75,0,0,0-3.432.69l4.622,23A1.748,1.748,0,0,0,92.141,77.2a1.777,1.777,0,0,0,.427.053,1.751,1.751,0,0,0,1.347-.633l7.778-9.376,7.779,9.376a1.749,1.749,0,0,0,3.062-.772l4.622-23a1.75,1.75,0,1,0-3.431-.69Z\"><\/path><path d=\"M40.4,50.784a1.751,1.751,0,0,0-2.061,1.371l-3.9,19.407-6.784-8.179a1.807,1.807,0,0,0-2.694,0l-6.784,8.179-3.9-19.407a1.75,1.75,0,1,0-3.431.69l4.621,23a1.75,1.75,0,0,0,3.063.772l7.778-9.376,7.778,9.376a1.751,1.751,0,0,0,1.347.633,1.785,1.785,0,0,0,.428-.053,1.751,1.751,0,0,0,1.288-1.352l4.622-23A1.751,1.751,0,0,0,40.4,50.784Z\"><\/path>\n<\/g><\/svg><\/span>\n                          <h5 class=\"u-align-center u-text u-text-white u-text-9\">Web<\/h5>\n                          <a href=\"#\" class=\"u-border-active-none u-border-hover-none u-btn u-btn-rectangle u-button-style u-none u-text-body-alt-color u-text-hover-palette-2-base u-btn-2\">www.bautenservice-reich.de<\/a>\n                        <\/div>\n                      <\/div>\n                    <\/div>\n                  <\/div>\n                <\/div>\n              <\/div>\n            <\/div>\n          <\/div>\n        <\/div>\n      <\/div>\n    <\/section>\n    <section class=\"u-align-center u-clearfix u-section-5\" id=\"carousel_5cb3\">\n      <div class=\"u-clearfix u-sheet u-sheet-1\">\n        <div class=\"u-expanded-width u-gallery u-layout-grid u-lightbox u-show-text-on-hover u-gallery-1\">\n          <div class=\"u-gallery-inner u-gallery-inner-1\">\n            <div class=\"u-effect-fade u-gallery-item\">\n              <div class=\"u-back-slide u-back-slide-1\" data-image-width=\"1155\" data-image-height=\"768\">\n                <img class=\"u-back-image u-expanded lazyload u-back-image-1\" data-src=\"https:\/\/www.bautenservice-reich.de\/wp-content\/uploads\/2022\/10\/Laden_14.jpg\">\n              <\/div>\n              <div class=\"u-over-slide u-shading u-over-slide-1\"><\/div>\n            <\/div>\n            <div class=\"u-effect-fade u-gallery-item\">\n              <div class=\"u-back-slide u-back-slide-2\" data-image-width=\"1155\" data-image-height=\"768\">\n                <img class=\"u-back-image u-expanded lazyload u-back-image-2\" data-src=\"https:\/\/www.bautenservice-reich.de\/wp-content\/uploads\/2022\/10\/Laden_17.jpg\">\n              <\/div>\n              <div class=\"u-over-slide u-shading u-over-slide-2\"><\/div>\n            <\/div>\n            <div class=\"u-effect-fade u-gallery-item\">\n              <div class=\"u-back-slide u-back-slide-3\" data-image-width=\"1155\" data-image-height=\"768\">\n                <img class=\"u-back-image u-expanded lazyload u-back-image-3\" data-src=\"https:\/\/www.bautenservice-reich.de\/wp-content\/uploads\/2022\/10\/Laden_18.jpg\">\n              <\/div>\n              <div class=\"u-over-slide u-shading u-over-slide-3\"><\/div>\n            <\/div>\n            <div class=\"u-effect-fade u-gallery-item u-gallery-item-4\" data-image-width=\"1000\" data-image-height=\"1500\">\n              <div class=\"u-back-slide u-back-slide-4\" data-image-width=\"1155\" data-image-height=\"768\">\n                <img class=\"u-back-image u-expanded lazyload u-back-image-4\" data-src=\"https:\/\/www.bautenservice-reich.de\/wp-content\/uploads\/2022\/10\/Laden_20.jpg\">\n              <\/div>\n              <div class=\"u-over-slide u-shading u-over-slide-4\"><\/div>\n            <\/div>\n            <div class=\"u-effect-fade u-gallery-item u-gallery-item-5\" data-image-width=\"1000\" data-image-height=\"1500\">\n              <div class=\"u-back-slide u-back-slide-5\" data-image-width=\"1155\" data-image-height=\"768\">\n                <img class=\"u-back-image u-expanded lazyload u-back-image-5\" data-src=\"https:\/\/www.bautenservice-reich.de\/wp-content\/uploads\/2022\/10\/Laden_26.jpg\">\n              <\/div>\n              <div class=\"u-over-slide u-shading u-over-slide-5\"><\/div>\n            <\/div>\n            <div class=\"u-effect-fade u-gallery-item u-gallery-item-6\" data-image-width=\"999\" data-image-height=\"1500\">\n              <div class=\"u-back-slide u-back-slide-6\" data-image-width=\"1155\" data-image-height=\"768\">\n                <img class=\"u-back-image u-expanded lazyload u-back-image-6\" data-src=\"https:\/\/www.bautenservice-reich.de\/wp-content\/uploads\/2022\/10\/Laden_30.jpg\">\n              <\/div>\n              <div class=\"u-over-slide u-shading u-over-slide-6\"><\/div>\n            <\/div>\n          <\/div>\n        <\/div>\n      <\/div>\n    <\/section>\n    \n    \n    \n  \n","protected":false},"excerpt":{"rendered":"<p>Unsere Ausstellung Besuchen Sie noch heute unsere Ausstellung, und lassen sich inspirieren f\u00fcr ihr Eigenheim Bautenservice Reich ist Ihr Fachbetrieb f\u00fcr: Decke Stuck Fussboden Fassade Wandbekleidung AddressE Von-Stauffenberg-Str. 149751 S\u00f6gel Telefon 05952 38 60 Email: info@bautenservice-reich.de Web www.bautenservice-reich.de<\/p>\n","protected":false},"author":1,"featured_media":0,"parent":0,"menu_order":9,"comment_status":"closed","ping_status":"closed","template":"","meta":{"footnotes":""},"_links":{"self":[{"href":"https:\/\/www.bautenservice-reich.de\/index.php?rest_route=\/wp\/v2\/pages\/111"}],"collection":[{"href":"https:\/\/www.bautenservice-reich.de\/index.php?rest_route=\/wp\/v2\/pages"}],"about":[{"href":"https:\/\/www.bautenservice-reich.de\/index.php?rest_route=\/wp\/v2\/types\/page"}],"author":[{"embeddable":true,"href":"https:\/\/www.bautenservice-reich.de\/index.php?rest_route=\/wp\/v2\/users\/1"}],"replies":[{"embeddable":true,"href":"https:\/\/www.bautenservice-reich.de\/index.php?rest_route=%2Fwp%2Fv2%2Fcomments&post=111"}],"version-history":[{"count":2,"href":"https:\/\/www.bautenservice-reich.de\/index.php?rest_route=\/wp\/v2\/pages\/111\/revisions"}],"predecessor-version":[{"id":278,"href":"https:\/\/www.bautenservice-reich.de\/index.php?rest_route=\/wp\/v2\/pages\/111\/revisions\/278"}],"wp:attachment":[{"href":"https:\/\/www.bautenservice-reich.de\/index.php?rest_route=%2Fwp%2Fv2%2Fmedia&parent=111"}],"curies":[{"name":"wp","href":"https:\/\/api.w.org\/{rel}","templated":true}]}}